{"id":588,"date":"2023-07-05T21:08:43","date_gmt":"2023-07-06T02:08:43","guid":{"rendered":"https:\/\/jsmallorcarustic.com\/?page_id=588"},"modified":"2024-04-11T14:25:14","modified_gmt":"2024-04-11T19:25:14","slug":"datenschutz-und-cookie-richtlinie","status":"publish","type":"page","link":"https:\/\/jsmallorcarustic.com\/de\/datenschutz-und-cookie-richtlinie\/","title":{"rendered":"Datenschutz- und Cookie-Richtlinie"},"content":{"rendered":"<p>[et_pb_section fb_built=&#8220;1&#8243; _builder_version=&#8220;4.21.0&#8243; _module_preset=&#8220;default&#8220; global_colors_info=&#8220;{}&#8220;][et_pb_row _builder_version=&#8220;4.21.0&#8243; _module_preset=&#8220;default&#8220; global_colors_info=&#8220;{}&#8220;][et_pb_column type=&#8220;4_4&#8243; _builder_version=&#8220;4.21.0&#8243; _module_preset=&#8220;default&#8220; global_colors_info=&#8220;{}&#8220;][et_pb_text _builder_version=&#8220;4.24.3&#8243; _module_preset=&#8220;default&#8220; text_text_color=&#8220;#000000&#8243; text_font_size=&#8220;35px&#8220; hover_enabled=&#8220;0&#8243; global_colors_info=&#8220;{}&#8220; sticky_enabled=&#8220;0&#8243;]<\/p>\n<p><span>Datenschutz- und Cookie-Richtlinie<\/span><\/p>\n<p>[\/et_pb_text][et_pb_text _builder_version=&#8220;4.24.3&#8243; _module_preset=&#8220;default&#8220; text_text_color=&#8220;#000000&#8243; text_orientation=&#8220;justified&#8220; hover_enabled=&#8220;0&#8243; global_colors_info=&#8220;{}&#8220; sticky_enabled=&#8220;0&#8243;]<\/p>\n<p>Datenschutzerkl\u00e4rung<\/p>\n<p>Wir informieren die Benutzer von jsmallorcarustic.com, dass beim Surfen auf unseren Seiten einige personenbezogene Daten gesammelt werden. Diese Daten werden durch Gesetze geregelt, um die Privatsph\u00e4re unserer Benutzer oder Besucher zu sch\u00fctzen.<\/p>\n<p>Bestimmte Gesetze zielen darauf ab, die Privatsph\u00e4re von Internetnutzern, die Webseiten besuchen, zu gew\u00e4hrleisten. Diese erfordern, dass den Benutzern mitgeteilt wird, wann bestimmte Informationen \u00fcber Aktivit\u00e4ten auf der Website auf ihrem Ger\u00e4t registriert und gespeichert werden. Hier informieren wir all unsere Nutzer \u00fcber die Verwendung ihrer pers\u00f6nlichen Daten und zu welchem Zweck sie erhoben werden.<\/p>\n<p>Verwendung von Cookies auf unserer Website<\/p>\n<p>Cookies bestehen aus Daten, die auf dem Computer gespeichert werden, wenn der Benutzer eine bestimmte Webseite besucht oder bestimmte Operationen darauf durchf\u00fchrt. Cookies dienen dazu, Webseiten wichtige Informationen \u00fcber die Aktivit\u00e4ten jedes ihrer Benutzer zu speichern.<\/p>\n<p>Diese Informationen werden verwendet, wenn der Benutzer die Website erneut vom selben Browser aus oder beim Einloggen besucht. Die Webseite ruft diese Informationen \u00fcber fr\u00fchere Aktivit\u00e4ten des Benutzers ab und bietet so eine bessere Navigation durch die Webseite. Eine Website kann verschiedene Arten von Cookies verwenden, jeder mit unterschiedlichen Zwecken.<\/p>\n<p>Zu keinem Zeitpunkt werden Cookies verwendet, um die Identit\u00e4t eines bestimmten Benutzers zu ermitteln. Ihr allgemeiner Zweck besteht darin, die Nutzung einer Website zu erleichtern oder verschiedene Personalisierungsoptionen bereitzustellen. Einige Cookies werden verwendet, um die Anzahl der Besuche auf der Website zu registrieren. Andere dienen dazu, registrierten Benutzern den Zugang zu erleichtern. Weitere Cookies verwalten Werbung, die von Dritten bereitgestellt wird.<\/p>\n<p>Webbrowser akzeptieren im Allgemeinen Cookies, entweder tempor\u00e4r oder dauerhaft. Auch haben die meisten Browser die notwendigen Einstellungsoptionen, um die Cookies jeder Website zu verwalten. Falls nicht einverstanden, kann der Benutzer die auf seinem Computer oder mobilen Ger\u00e4t gespeicherten Cookies l\u00f6schen. Einige Cookies sind dazu bestimmt, nach einer bestimmten Zeit gel\u00f6scht zu werden, z.B. am Ende der aktuellen Sitzung eines Benutzers.<\/p>\n<p>jsmallorcarustic.com speichert Daten auf Ihrem Computer, n\u00e4mlich Cookies. Diese k\u00f6nnen jederzeit durch Einstellung Ihres Browsers gel\u00f6scht werden. Durch das Surfen auf unserer Webseite akzeptiert der Benutzer ausdr\u00fccklich die Verwendung unserer Cookies auf seinem Ger\u00e4t und ist sich bewusst, dass er sie jederzeit l\u00f6schen, blockieren und sogar ablehnen kann. Ebenso akzeptiert er, dass die Cookies von jsmallorcarustic.com nicht dazu verwendet werden, seine Privatsph\u00e4re zu verletzen, sondern ausschlie\u00dflich technische Zwecke haben.<\/p>\n<p>Diese gespeicherten Daten werden rechtm\u00e4\u00dfig f\u00fcr alle oder einige der genannten Zwecke verwendet. Keiner unserer Benutzer ist einer ungenehmigten oder peinlichen Verwendung seiner Informationen ausgesetzt, noch werden diese dazu verwendet, die Identit\u00e4t eines bestimmten Benutzers festzustellen, es sei denn, einer oder mehrere bestimmte Benutzer versto\u00dfen gegen die Gesetze und werden dann von justiziellen oder staatlichen Organen untersucht, die solche Informationen anfordern.<\/p>\n<p>[\/et_pb_text][\/et_pb_column][\/et_pb_row][\/et_pb_section]<\/p>\n","protected":false},"excerpt":{"rendered":"<p>Datenschutz- und Cookie-RichtlinieDatenschutzerkl\u00e4rung Wir informieren die Benutzer von jsmallorcarustic.com, dass beim Surfen auf unseren Seiten einige personenbezogene Daten gesammelt werden. Diese Daten werden durch Gesetze geregelt, um die Privatsph\u00e4re unserer Benutzer oder Besucher zu sch\u00fctzen. Bestimmte Gesetze zielen darauf ab, die Privatsph\u00e4re von Internetnutzern, die Webseiten besuchen, zu gew\u00e4hrleisten. Diese erfordern, dass den Benutzern mitgeteilt [&hellip;]<\/p>\n","protected":false},"author":2,"featured_media":0,"parent":0,"menu_order":0,"comment_status":"closed","ping_status":"closed","template":"","meta":{"_et_pb_use_builder":"on","_et_pb_old_content":"","_et_gb_content_width":"","footnotes":""},"class_list":["post-588","page","type-page","status-publish","hentry"],"_links":{"self":[{"href":"https:\/\/jsmallorcarustic.com\/de\/wp-json\/wp\/v2\/pages\/588","targetHints":{"allow":["GET"]}}],"collection":[{"href":"https:\/\/jsmallorcarustic.com\/de\/wp-json\/wp\/v2\/pages"}],"about":[{"href":"https:\/\/jsmallorcarustic.com\/de\/wp-json\/wp\/v2\/types\/page"}],"author":[{"embeddable":true,"href":"https:\/\/jsmallorcarustic.com\/de\/wp-json\/wp\/v2\/users\/2"}],"replies":[{"embeddable":true,"href":"https:\/\/jsmallorcarustic.com\/de\/wp-json\/wp\/v2\/comments?post=588"}],"version-history":[{"count":2,"href":"https:\/\/jsmallorcarustic.com\/de\/wp-json\/wp\/v2\/pages\/588\/revisions"}],"predecessor-version":[{"id":592,"href":"https:\/\/jsmallorcarustic.com\/de\/wp-json\/wp\/v2\/pages\/588\/revisions\/592"}],"wp:attachment":[{"href":"https:\/\/jsmallorcarustic.com\/de\/wp-json\/wp\/v2\/media?parent=588"}],"curies":[{"name":"wp","href":"https:\/\/api.w.org\/{rel}","templated":true}]}}